{"id":7,"date":"2022-05-04T06:27:39","date_gmt":"2022-05-04T06:27:39","guid":{"rendered":"https:\/\/utiplas.com\/?page_id=7"},"modified":"2022-05-05T06:38:15","modified_gmt":"2022-05-05T06:38:15","slug":"construccion","status":"publish","type":"page","link":"https:\/\/utiplas.com\/","title":{"rendered":"En construcci\u00f3n"},"content":{"rendered":"<p>[et_pb_section fb_built=\u00bb1&#8243; theme_builder_area=\u00bbpost_content\u00bb _builder_version=\u00bb4.17.3&#8243; _module_preset=\u00bbdefault\u00bb height=\u00bb100vh\u00bb hover_enabled=\u00bb0&#8243; sticky_enabled=\u00bb0&#8243; title_text=\u00bbfondoutiplas\u00bb background_image=\u00bbhttps:\/\/utiplas.com\/wp-content\/uploads\/2022\/05\/fondoutiplas.jpg\u00bb][et_pb_row _builder_version=\u00bb4.17.3&#8243; _module_preset=\u00bbdefault\u00bb theme_builder_area=\u00bbpost_content\u00bb hover_enabled=\u00bb0&#8243; sticky_enabled=\u00bb0&#8243; custom_margin=\u00bb|||5%|false|false\u00bb][et_pb_column _builder_version=\u00bb4.17.3&#8243; _module_preset=\u00bbdefault\u00bb type=\u00bb4_4&#8243; theme_builder_area=\u00bbpost_content\u00bb hover_enabled=\u00bb0&#8243; sticky_enabled=\u00bb0&#8243;][et_pb_image src=\u00bbhttps:\/\/utiplas.com\/wp-content\/uploads\/2022\/05\/utiplas320.png\u00bb _builder_version=\u00bb4.17.3&#8243; _module_preset=\u00bbdefault\u00bb theme_builder_area=\u00bbpost_content\u00bb hover_enabled=\u00bb0&#8243; sticky_enabled=\u00bb0&#8243; title_text=\u00bbutiplas320&#8243;][\/et_pb_image][\/et_pb_column][\/et_pb_row][et_pb_row _builder_version=\u00bb4.17.3&#8243; _module_preset=\u00bbdefault\u00bb theme_builder_area=\u00bbpost_content\u00bb custom_margin=\u00bb6%|||5.5%|false|false\u00bb hover_enabled=\u00bb0&#8243; sticky_enabled=\u00bb0&#8243;][et_pb_column _builder_version=\u00bb4.17.3&#8243; _module_preset=\u00bbdefault\u00bb type=\u00bb4_4&#8243; theme_builder_area=\u00bbpost_content\u00bb hover_enabled=\u00bb0&#8243; sticky_enabled=\u00bb0&#8243;][et_pb_text _builder_version=\u00bb4.17.3&#8243; _module_preset=\u00bbdefault\u00bb theme_builder_area=\u00bbpost_content\u00bb header_font=\u00bbMontserrat|600|||||||\u00bb header_text_color=\u00bb#FFFFFF\u00bb header_text_align=\u00bbleft\u00bb hover_enabled=\u00bb0&#8243; sticky_enabled=\u00bb0&#8243; header_font_size=\u00bb35px\u00bb]<\/p>\n<h1>Nuestra web est\u00e1 en construcci\u00f3n,<br \/>muy pronto podr\u00e1s visitarnos<\/h1>\n<p>[\/et_pb_text][\/et_pb_column][\/et_pb_row][et_pb_row _builder_version=\u00bb4.17.3&#8243; _module_preset=\u00bbdefault\u00bb theme_builder_area=\u00bbpost_content\u00bb column_structure=\u00bb3_5,2_5&#8243; custom_margin=\u00bb12%|||5.5%|false|false\u00bb hover_enabled=\u00bb0&#8243; sticky_enabled=\u00bb0&#8243; make_equal=\u00bbon\u00bb max_width=\u00bb2560px\u00bb width=\u00bb88%\u00bb][et_pb_column _builder_version=\u00bb4.17.3&#8243; _module_preset=\u00bbdefault\u00bb type=\u00bb3_5&#8243; theme_builder_area=\u00bbpost_content\u00bb hover_enabled=\u00bb0&#8243; sticky_enabled=\u00bb0&#8243;][et_pb_text _builder_version=\u00bb4.17.3&#8243; _module_preset=\u00bbdefault\u00bb theme_builder_area=\u00bbpost_content\u00bb hover_enabled=\u00bb0&#8243; sticky_enabled=\u00bb0&#8243; header_4_font=\u00bbMontserrat||||||||\u00bb header_4_text_color=\u00bb#FFFFFF\u00bb header_4_text_align=\u00bbleft\u00bb header_4_font_size=\u00bb20px\u00bb]<\/p>\n<h4>C\/Marcelino Camacho 31, Pol\u00edgono industrial n\u00ba1<br \/>M\u00f3stoles &#8211; Madrid<br \/>info@utiplas.com<br \/>916474974<\/h4>\n<p>[\/et_pb_text][\/et_pb_column][et_pb_column _builder_version=\u00bb4.17.3&#8243; _module_preset=\u00bbdefault\u00bb type=\u00bb2_5&#8243; theme_builder_area=\u00bbpost_content\u00bb][et_pb_text _builder_version=\u00bb4.17.3&#8243; _module_preset=\u00bbdefault\u00bb theme_builder_area=\u00bbpost_content\u00bb header_4_font=\u00bbMontserrat||||||||\u00bb header_4_text_color=\u00bb#FFFFFF\u00bb hover_enabled=\u00bb0&#8243; sticky_enabled=\u00bb0&#8243; header_4_font_size=\u00bb15px\u00bb]<\/p>\n<h4><\/h4>\n<h4 style=\"text-align: right;\"><img loading=\"lazy\" decoding=\"async\" src=\"https:\/\/utiplas.com\/wp-content\/uploads\/2022\/05\/maluvablanco-300x53.png\" width=\"170\" height=\"30\" alt=\"\" class=\"wp-image-92 alignnone size-medium\" \/><\/h4>\n<h4 style=\"text-align: right;\">En desarrollo por malauvaestudio.com<\/h4>\n<p>[\/et_pb_text][\/et_pb_column][\/et_pb_row][\/et_pb_section]<\/p>\n","protected":false},"excerpt":{"rendered":"<p>Nuestra web est\u00e1 en construcci\u00f3n,muy pronto podr\u00e1s visitarnosC\/Marcelino Camacho 31, Pol\u00edgono industrial n\u00ba1M\u00f3stoles &#8211; Madridinfo@utiplas.com916474974 En desarrollo por malauvaestudio.com<\/p>\n","protected":false},"author":1,"featured_media":0,"parent":0,"menu_order":0,"comment_status":"closed","ping_status":"closed","template":"","meta":{"_et_pb_use_builder":"on","_et_pb_old_content":"","_et_gb_content_width":"","footnotes":""},"class_list":["post-7","page","type-page","status-publish","hentry"],"_links":{"self":[{"href":"https:\/\/utiplas.com\/index.php?rest_route=\/wp\/v2\/pages\/7","targetHints":{"allow":["GET"]}}],"collection":[{"href":"https:\/\/utiplas.com\/index.php?rest_route=\/wp\/v2\/pages"}],"about":[{"href":"https:\/\/utiplas.com\/index.php?rest_route=\/wp\/v2\/types\/page"}],"author":[{"embeddable":true,"href":"https:\/\/utiplas.com\/index.php?rest_route=\/wp\/v2\/users\/1"}],"replies":[{"embeddable":true,"href":"https:\/\/utiplas.com\/index.php?rest_route=%2Fwp%2Fv2%2Fcomments&post=7"}],"version-history":[{"count":40,"href":"https:\/\/utiplas.com\/index.php?rest_route=\/wp\/v2\/pages\/7\/revisions"}],"predecessor-version":[{"id":101,"href":"https:\/\/utiplas.com\/index.php?rest_route=\/wp\/v2\/pages\/7\/revisions\/101"}],"wp:attachment":[{"href":"https:\/\/utiplas.com\/index.php?rest_route=%2Fwp%2Fv2%2Fmedia&parent=7"}],"curies":[{"name":"wp","href":"https:\/\/api.w.org\/{rel}","templated":true}]}}